{"id":90,"date":"2015-12-31T06:19:50","date_gmt":"2015-12-31T05:19:50","guid":{"rendered":"http:\/\/brieftauben-klement.de\/neu\/?page_id=90"},"modified":"2016-04-23T12:52:41","modified_gmt":"2016-04-23T10:52:41","slug":"die-zuchttauben","status":"publish","type":"page","link":"http:\/\/brieftauben-klement.de\/index.php\/die-zuchttauben\/","title":{"rendered":"Die Zuchttauben"},"content":{"rendered":"<div id=\"main\">\n<p>Eine Auswahl von erlesenen Zuchttauben sorgt f\u00fcr hervorragenden Nachwuchs.<\/p>\n<ul>\n<li>17 Originale G\u00fcnter Prange, Meppen\n<ul>\n<li>1 Bruder &#8222;261&#8220; (10 x 1. Preis)<\/li>\n<li>1 Schwester &#8222;261&#8220; (10 x 1. Preis)<\/li>\n<li>3 T\u00f6chter &#8222;261&#8220; (10 x 1. Preis)<\/li>\n<li>3 S\u00f6hne &#8222;261&#8220; (10 x 1. Preis)<\/li>\n<li>2 S\u00f6hne und 1 Tochter &#8222;Ringloser&#8220;<\/li>\n<li>1 Tochter &#8222;330&#8220; (8 x 1. Preis)<\/li>\n<li>1 Sohn &#8222;NL 959&#8220; &#8222;De 75&#8220; Super Zuchtvogel<\/li>\n<li>1 Doppelenkelin &#8222;NL959&#8220; x &#8222;B493&#8220;<\/li>\n<li>2 S\u00f6hne &#8222;1009&#8220; (2. AS-Vogel BRD 2003)<\/li>\n<\/ul>\n<\/li>\n<li>2 Originale Wolfgang Roeper, u.a. Halbbruder &#8222;Olympiavogel 246&#8220;<\/li>\n<li>4 Kinder des Super-Zuchtvogels 02098-01-75 &#8222;De 75&#8220; &#8211; Halbbruder des &#8222;Ringlosen&#8220;\n<ul>\n<li>Sohn &#8222;NL959&#8220; Koopman x &#8222;B806&#8220; A.Bellens<\/li>\n<\/ul>\n<\/li>\n<li>Olympia-Vogel &#8222;Porto 470&#8220; (4 x 1. Preis)\n<ul>\n<li>4 S\u00f6hne<\/li>\n<li>2 T\u00f6chter<\/li>\n<\/ul>\n<\/li>\n<li>Olympia-Vogel &#8222;Oostende 87&#8220; (3 x 1. Preis)\n<ul>\n<li>3 S\u00f6hne<\/li>\n<li>2 T\u00f6chter<\/li>\n<\/ul>\n<\/li>\n<li>3 Originale aus dem Privatschlag &#8222;Grenfield Stud&#8220; von Hans Eijerkamp und S\u00f6hne, Niederlande\n<ul>\n<li>Van Loon \/ Janssen \/ &#8222;Porsche Bond&#8220;<\/li>\n<li>Hermann Ceusters<\/li>\n<\/ul>\n<\/li>\n<li>1 Original Weibchen T. Jappe, Original W.Roeper\n<ul>\n<li>46. AS-Weibchen auf Bundesebene<\/li>\n<\/ul>\n<\/li>\n<li>2 Originale Friedrich Neuhaus\n<ul>\n<li>Tochter Olympia-T\u00e4ubin Nitra, Original W. Roeper<\/li>\n<\/ul>\n<\/li>\n<li>2 Originale Jan Keen, Belgien\n<ul>\n<li>Linienzucht auf &#8222;Goudklompje&#8220; (G\u00fcnter Prange, van Dyck)<\/li>\n<\/ul>\n<\/li>\n<li>6 Originale Peter Grupp, Ottenbach\n<ul>\n<li>aus den besten Zucht- und Reisetauben, &#8222;Blaue As&#8220; &#8222;1000&#8220;-Linie<\/li>\n<\/ul>\n<\/li>\n<li>2 Originale Andre Bellens, Belgien\n<ul>\n<li>Linie &#8222;Pipo&#8220; x &#8222;Eline&#8220;<\/li>\n<li>v&#8220;330&#8243;-Linie von G\u00fcnter Prange<\/li>\n<\/ul>\n<\/li>\n<\/ul>\n<\/div>\n","protected":false},"excerpt":{"rendered":"<p>Eine Auswahl von erlesenen Zuchttauben sorgt f\u00fcr hervorragenden Nachwuchs. 17 Originale G\u00fcnter Prange, Meppen 1 Bruder &#8222;261&#8220; (10 x 1. Preis) 1 Schwester &#8222;261&#8220; (10 x 1. Preis) 3 T\u00f6chter &#8222;261&#8220; (10 x 1. Preis) 3 S\u00f6hne &#8222;261&#8220; (10 x<\/p>\n","protected":false},"author":1,"featured_media":0,"parent":0,"menu_order":0,"comment_status":"closed","ping_status":"closed","template":"","meta":{"ngg_post_thumbnail":0},"_links":{"self":[{"href":"http:\/\/brieftauben-klement.de\/index.php\/wp-json\/wp\/v2\/pages\/90"}],"collection":[{"href":"http:\/\/brieftauben-klement.de\/index.php\/wp-json\/wp\/v2\/pages"}],"about":[{"href":"http:\/\/brieftauben-klement.de\/index.php\/wp-json\/wp\/v2\/types\/page"}],"author":[{"embeddable":true,"href":"http:\/\/brieftauben-klement.de\/index.php\/wp-json\/wp\/v2\/users\/1"}],"replies":[{"embeddable":true,"href":"http:\/\/brieftauben-klement.de\/index.php\/wp-json\/wp\/v2\/comments?post=90"}],"version-history":[{"count":3,"href":"http:\/\/brieftauben-klement.de\/index.php\/wp-json\/wp\/v2\/pages\/90\/revisions"}],"predecessor-version":[{"id":561,"href":"http:\/\/brieftauben-klement.de\/index.php\/wp-json\/wp\/v2\/pages\/90\/revisions\/561"}],"wp:attachment":[{"href":"http:\/\/brieftauben-klement.de\/index.php\/wp-json\/wp\/v2\/media?parent=90"}],"curies":[{"name":"wp","href":"https:\/\/api.w.org\/{rel}","templated":true}]}}